{"id":2,"date":"2025-06-04T19:04:07","date_gmt":"2025-06-04T19:04:07","guid":{"rendered":"https:\/\/51devgune.ddns.net\/?page_id=2"},"modified":"2025-06-06T21:16:24","modified_gmt":"2025-06-06T21:16:24","slug":"sample-page","status":"publish","type":"page","link":"https:\/\/51devgune.ddns.net\/","title":{"rendered":"Desarrollo de Naizen chatbot"},"content":{"rendered":"\n<p>Esta plataforma sirve \u00fanicamente para poder probar el chatbot. <\/p>\n\n\n\n<blockquote class=\"wp-block-quote is-layout-flow wp-block-quote-is-layout-flow\">\n<p>Principalemente se puede conversar para comprobar que los resultados sean los esperados<\/p>\n<\/blockquote>\n\n\n\n<p>Adem\u00e1s se pueden testear nuevas funcionalidades<\/p>\n\n\n\n<blockquote class=\"wp-block-quote is-layout-flow wp-block-quote-is-layout-flow\">\n<p>Si se actualiza el c\u00f3digo del nucleo del chatbot, se pueden probar las nuevas funciones.<\/p>\n<\/blockquote>\n\n\n\n<p>\u00daltimos cambios:<\/p>\n\n\n\n<p><strong>20250607 (v1.5) <\/strong>&#8211; Se puede cambiar el idioma del interfaz<br><strong>20250606<\/strong> &#8211; Se puede cambiar el color de los diferentes elementos<br><strong>20250605<\/strong> &#8211; IA funcionando 100% aislada, \u00a1sin necesidad de servidor de CSL!<br><strong>20250605 <\/strong>&#8211; Se incorporan logos en ajustes<br><strong>20250604<\/strong> &#8211; Se implementan \u00abajustes\u00bb <br><strong>20250529 <\/strong>&#8211; El chat ahora es flotante y se muestra en todas las p\u00e1ginas<br><strong>20250528<\/strong> &#8211; IA funcionando consumiendo servicio fastapi de servidor desarrollo en CSL<br><strong>20250527<\/strong> &#8211; Comienzo a mantener este Changelog. Esto marca el inicio. No hay vuelta atr\u00e1s \ud83d\ude42<br><\/p>\n\n\n\n<p><\/p>\n\n\n\n<p><\/p>\n","protected":false},"excerpt":{"rendered":"<p>Esta plataforma sirve \u00fanicamente para poder probar el chatbot. Principalemente se puede conversar para comprobar que los resultados sean los esperados Adem\u00e1s se pueden testear nuevas funcionalidades Si se actualiza el c\u00f3digo del nucleo del chatbot, se pueden probar las nuevas funciones. \u00daltimos cambios: 20250607 (v1.5) &#8211; Se puede cambiar el idioma del interfaz20250606 &#8211; [&hellip;]<\/p>\n","protected":false},"author":1,"featured_media":0,"parent":0,"menu_order":0,"comment_status":"closed","ping_status":"open","template":"","meta":{"footnotes":""},"class_list":["post-2","page","type-page","status-publish","hentry"],"_links":{"self":[{"href":"https:\/\/51devgune.ddns.net\/index.php?rest_route=\/wp\/v2\/pages\/2","targetHints":{"allow":["GET"]}}],"collection":[{"href":"https:\/\/51devgune.ddns.net\/index.php?rest_route=\/wp\/v2\/pages"}],"about":[{"href":"https:\/\/51devgune.ddns.net\/index.php?rest_route=\/wp\/v2\/types\/page"}],"author":[{"embeddable":true,"href":"https:\/\/51devgune.ddns.net\/index.php?rest_route=\/wp\/v2\/users\/1"}],"replies":[{"embeddable":true,"href":"https:\/\/51devgune.ddns.net\/index.php?rest_route=%2Fwp%2Fv2%2Fcomments&post=2"}],"version-history":[{"count":4,"href":"https:\/\/51devgune.ddns.net\/index.php?rest_route=\/wp\/v2\/pages\/2\/revisions"}],"predecessor-version":[{"id":13,"href":"https:\/\/51devgune.ddns.net\/index.php?rest_route=\/wp\/v2\/pages\/2\/revisions\/13"}],"wp:attachment":[{"href":"https:\/\/51devgune.ddns.net\/index.php?rest_route=%2Fwp%2Fv2%2Fmedia&parent=2"}],"curies":[{"name":"wp","href":"https:\/\/api.w.org\/{rel}","templated":true}]}}